{"id":7498,"date":"2018-05-12T12:00:05","date_gmt":"2018-05-12T11:00:05","guid":{"rendered":"https:\/\/safetics.metrokitchenbd.com\/?post_type=product&#038;p=7498"},"modified":"2026-03-30T06:28:30","modified_gmt":"2026-03-30T05:28:30","slug":"edicion-italiana","status":"publish","type":"product","link":"https:\/\/safetics.metrokitchenbd.com\/es\/produit\/edicion-italiana\/","title":{"rendered":"Edici\u00f3n italiana"},"content":{"rendered":"","protected":false},"excerpt":{"rendered":"<p>La Lista de verificaci\u00f3n de Safetics Marinaio es la primera gu\u00eda de navegaci\u00f3n en italiano escrita en forma de listas de verificaci\u00f3n inspiradas en la aviaci\u00f3n. Patrocinado por el navegador Armel Le Cl\u00e9ac &#038; h, y traducido por Umberto Verna y Philippe Esnault, contiene las reglas esenciales de navegaci\u00f3n validadas por expertos en seguridad mar\u00edtima, para todos los barcos: vela o motor . Su contenido universal y pr\u00e1ctico ha sido dise\u00f1ado para todos los patrones y miembros del equipo, su formato resistente al agua y duradero le permite una durabilidad sin igual, desc\u00fabrelo sin demora.<\/p>\n<p>Para todos los pedidos en l\u00ednea con tarjeta de cr\u00e9dito, compre de forma segura la Lista de verificaci\u00f3n de Marinaio en el sitio web de nuestro socio italiano <a href=\"http:\/\/www.safetyworld.it\/news_dettaglio.php?ID=47\">Safety World.<\/a>\u00a0Para cualquier orden especial o deseo de distribuir la gu\u00eda, p\u00f3ngase en contacto con el equipo de Safetics: +33 (0) 9 70 44 09 01 o contact@safetics.com.<\/p>\n<p>+ de la informaci\u00f3n a continuaci\u00f3n:<\/p>\n","protected":false},"featured_media":36451,"comment_status":"open","ping_status":"closed","template":"","meta":{"_uf_show_specific_survey":0,"_uf_disable_surveys":false,"site-sidebar-layout":"default","site-content-layout":"","ast-site-content-layout":"default","site-content-style":"default","site-sidebar-style":"default","ast-global-header-display":"","ast-banner-title-visibility":"","ast-main-header-display":"","ast-hfb-above-header-display":"","ast-hfb-below-header-display":"","ast-hfb-mobile-header-display":"","site-post-title":"","ast-breadcrumbs-content":"","ast-featured-img":"","footer-sml-layout":"","ast-disable-related-posts":"","theme-transparent-header-meta":"","adv-header-id-meta":"","stick-header-meta":"","header-above-stick-meta":"","header-main-stick-meta":"","header-below-stick-meta":"","astra-migrate-meta-layouts":"default","ast-page-background-enabled":"default","ast-page-background-meta":{"desktop":{"background-color":"var(--ast-global-color-5)","background-image":"","background-repeat":"repeat","background-position":"center center","background-size":"auto","background-attachment":"scroll","background-type":"","background-media":"","overlay-type":"","overlay-color":"","overlay-opacity":"","overlay-gradient":""},"tablet":{"background-color":"","background-image":"","background-repeat":"repeat","background-position":"center center","background-size":"auto","background-attachment":"scroll","background-type":"","background-media":"","overlay-type":"","overlay-color":"","overlay-opacity":"","overlay-gradient":""},"mobile":{"background-color":"","background-image":"","background-repeat":"repeat","background-position":"center center","background-size":"auto","background-attachment":"scroll","background-type":"","background-media":"","overlay-type":"","overlay-color":"","overlay-opacity":"","overlay-gradient":""}},"ast-content-background-meta":{"desktop":{"background-color":"var(--ast-global-color-4)","background-image":"","background-repeat":"repeat","background-position":"center center","background-size":"auto","background-attachment":"scroll","background-type":"","background-media":"","overlay-type":"","overlay-color":"","overlay-opacity":"","overlay-gradient":""},"tablet":{"background-color":"var(--ast-global-color-4)","background-image":"","background-repeat":"repeat","background-position":"center center","background-size":"auto","background-attachment":"scroll","background-type":"","background-media":"","overlay-type":"","overlay-color":"","overlay-opacity":"","overlay-gradient":""},"mobile":{"background-color":"var(--ast-global-color-4)","background-image":"","background-repeat":"repeat","background-position":"center center","background-size":"auto","background-attachment":"scroll","background-type":"","background-media":"","overlay-type":"","overlay-color":"","overlay-opacity":"","overlay-gradient":""}}},"product_brand":[],"product_cat":[163,166],"product_tag":[],"class_list":{"0":"post-7498","1":"product","2":"type-product","3":"status-publish","4":"has-post-thumbnail","6":"product_cat-les-classiques","7":"product_cat-los-clasicos","8":"desktop-align-left","9":"tablet-align-left","10":"mobile-align-left","12":"first","13":"instock","14":"purchasable","15":"product-type-simple"},"aioseo_notices":[],"_links":{"self":[{"href":"https:\/\/safetics.metrokitchenbd.com\/es\/wp-json\/wp\/v2\/product\/7498","targetHints":{"allow":["GET"]}}],"collection":[{"href":"https:\/\/safetics.metrokitchenbd.com\/es\/wp-json\/wp\/v2\/product"}],"about":[{"href":"https:\/\/safetics.metrokitchenbd.com\/es\/wp-json\/wp\/v2\/types\/product"}],"replies":[{"embeddable":true,"href":"https:\/\/safetics.metrokitchenbd.com\/es\/wp-json\/wp\/v2\/comments?post=7498"}],"version-history":[{"count":0,"href":"https:\/\/safetics.metrokitchenbd.com\/es\/wp-json\/wp\/v2\/product\/7498\/revisions"}],"wp:featuredmedia":[{"embeddable":true,"href":"https:\/\/safetics.metrokitchenbd.com\/es\/wp-json\/wp\/v2\/media\/36451"}],"wp:attachment":[{"href":"https:\/\/safetics.metrokitchenbd.com\/es\/wp-json\/wp\/v2\/media?parent=7498"}],"wp:term":[{"taxonomy":"product_brand","embeddable":true,"href":"https:\/\/safetics.metrokitchenbd.com\/es\/wp-json\/wp\/v2\/product_brand?post=7498"},{"taxonomy":"product_cat","embeddable":true,"href":"https:\/\/safetics.metrokitchenbd.com\/es\/wp-json\/wp\/v2\/product_cat?post=7498"},{"taxonomy":"product_tag","embeddable":true,"href":"https:\/\/safetics.metrokitchenbd.com\/es\/wp-json\/wp\/v2\/product_tag?post=7498"}],"curies":[{"name":"wp","href":"https:\/\/api.w.org\/{rel}","templated":true}]}}